{"id":1060,"date":"2017-05-27T10:51:05","date_gmt":"2017-05-27T08:51:05","guid":{"rendered":"https:\/\/emgie-photography.com\/?page_id=1060\/"},"modified":"2021-08-16T13:16:59","modified_gmt":"2021-08-16T11:16:59","slug":"impressum","status":"publish","type":"page","link":"https:\/\/emgie-photography.com\/de\/impressum\/","title":{"rendered":"Impressum"},"content":{"rendered":"<div class=\"wpb-content-wrapper\">[vc_row row_type=&#8220;row&#8220; use_row_as_full_screen_section=&#8220;no&#8220; type=&#8220;grid&#8220; angled_section=&#8220;no&#8220; text_align=&#8220;left&#8220; background_image_as_pattern=&#8220;without_pattern&#8220; css=&#8220;.vc_custom_1495023725176{padding-top: 80px !important;padding-bottom: 40px !important;}&#8220;][vc_column]<h1 class=\"vcex-heading vcex-heading-plain vcex-module wpex-heading wpex-text-2xl\"><span class=\"vcex-heading-inner wpex-inline-block\">Impressum<\/span><\/h1><h2 class=\"vcex-heading vcex-heading-plain vcex-module wpex-heading wpex-text-2xl\"><span class=\"vcex-heading-inner wpex-inline-block\">Angaben gem\u00e4\u00df \u00a7 5 TMG<\/span><\/h2>[\/vc_column][\/vc_row][vc_row row_type=&#8220;row&#8220; use_row_as_full_screen_section=&#8220;no&#8220; type=&#8220;grid&#8220; angled_section=&#8220;no&#8220; text_align=&#8220;left&#8220; background_image_as_pattern=&#8220;without_pattern&#8220; css=&#8220;.vc_custom_1495023218954{padding-bottom: 80px !important;}&#8220;][vc_column width=&#8220;1\/2&#8243;][vc_column_text]\n<h3>Kontakt<\/h3>\n<p>Melanie G\u00f6rlitz<br \/>\nEMGIE Photography<br \/>\nGlasmoorstr. 33a<br \/>\n22851 Norderstedt<\/p>\n<p>Telefon: <a href=\"tel:+494094360663\">+49 (0)40 943 606 63<\/a><br \/>\nE-Mail: <a href=\"&#109;a&#x69;l&#x74;o&#x3a;m&#x61;&#105;&#x6c;&#64;&#x65;&#109;&#x67;&#105;e&#45;p&#x68;o&#x74;o&#x67;&#114;&#x61;&#112;&#x68;&#121;&#x2e;&#99;&#x6f;&#109;\">&#x6d;&#x61;&#105;&#108;&#64;&#x65;&#x6d;&#x67;&#105;e-&#x70;&#x68;&#111;&#116;o&#x67;&#x72;&#x61;&#112;hy&#x2e;&#x63;&#111;&#109;<\/a><\/p>\n<h3>Umsatzsteuer-ID<\/h3>\n<p>Umsatzsteuer-Identifikationsnummer gem\u00e4\u00df \u00a727 a Umsatzsteuergesetz:<br \/>\nDE 311 928 998<\/p>\n<h3>Streitschlichtung<\/h3>\n<p>Die Europ\u00e4ische Kommission stellt eine Plattform zur Online-Streitbeilegung (OS) bereit:\u00a0<a href=\"https:\/\/ec.europa.eu\/consumers\/odr\" target=\"_blank\" rel=\"noopener noreferrer\">https:\/\/ec.europa.eu\/consumers\/odr<\/a>.<br \/>\nUnsere E-Mail-Adresse finden Sie oben im Impressum.<\/p>\n<p>Wir sind nicht bereit oder verpflichtet, an Streitbeilegungsverfahren vor einer Verbraucherschlichtungsstelle teilzunehmen.[\/vc_column_text][\/vc_column][vc_column width=&#8220;1\/2&#8243;][vc_column_text]\n<h3>Design &amp; Realisierung<\/h3>\n[\/vc_column_text][vc_column_text]<img loading=\"lazy\" decoding=\"async\" class=\"alignnone wp-image-2935\" src=\"https:\/\/emgie-photography.com\/wp-content\/uploads\/2020\/12\/Logo_weiss_pxmedia.png\" alt=\"\" width=\"214\" height=\"87\" \/>[\/vc_column_text][vc_column_text]<strong>pxMEDIA.de GmbH<\/strong><br \/>\nTannenweg 22m<br \/>\n18059 Rostock<br \/>\n(im Speicher 1)<br \/>\nTelefon: <a href=\"tel:+4938133700470\">0381 33 700 470<\/a><br \/>\n<a href=\"&#109;&#x61;&#x69;&#108;&#x74;&#x6f;:&#x6b;&#x6f;n&#116;&#x61;k&#116;&#x40;p&#120;&#x6d;e&#100;&#x69;a&#46;&#x64;&#x65;\">k&#111;&#x6e;&#x74;a&#107;&#x74;&#x40;p&#120;&#x6d;&#x65;d&#105;&#x61;&#x2e;d&#101;<\/a><br \/>\n<a href=\"https:\/\/www.pxmedia.de\" target=\"_blank\" rel=\"noopener noreferrer\">https:\/\/pxmedia.de<\/a>[\/vc_column_text][\/vc_column][\/vc_row][vc_row row_type=&#8220;row&#8220; use_row_as_full_screen_section=&#8220;no&#8220; type=&#8220;grid&#8220; angled_section=&#8220;no&#8220; text_align=&#8220;left&#8220; background_image_as_pattern=&#8220;without_pattern&#8220; css=&#8220;.vc_custom_1495616545154{padding-bottom: 100px !important;}&#8220;][vc_column][vc_column_text]\n<h3>Haftung f\u00fcr Inhalte<\/h3>\n<p>Als Diensteanbieter sind wir gem\u00e4\u00df \u00a7 7 Abs.1 TMG f\u00fcr eigene Inhalte auf diesen Seiten nach den allgemeinen Gesetzen verantwortlich. Nach \u00a7\u00a7 8 bis 10 TMG sind wir als Diensteanbieter jedoch nicht verpflichtet, \u00fcbermittelte oder gespeicherte fremde Informationen zu \u00fcberwachen oder nach Umst\u00e4nden zu forschen, die auf eine rechtswidrige T\u00e4tigkeit hinweisen.<\/p>\n<p>Verpflichtungen zur Entfernung oder Sperrung der Nutzung von Informationen nach den allgemeinen Gesetzen bleiben hiervon unber\u00fchrt. Eine diesbez\u00fcgliche Haftung ist jedoch erst ab dem Zeitpunkt der Kenntnis einer konkreten Rechtsverletzung m\u00f6glich. Bei Bekanntwerden von entsprechenden Rechtsverletzungen werden wir diese Inhalte umgehend entfernen.<\/p>\n<h3>Haftung f\u00fcr Links<\/h3>\n<p>Unser Angebot enth\u00e4lt Links zu externen Websites Dritter, auf deren Inhalte wir keinen Einfluss haben. Deshalb k\u00f6nnen wir f\u00fcr diese fremden Inhalte auch keine Gew\u00e4hr \u00fcbernehmen. F\u00fcr die Inhalte der verlinkten Seiten ist stets der jeweilige Anbieter oder Betreiber der Seiten verantwortlich. Die verlinkten Seiten wurden zum Zeitpunkt der Verlinkung auf m\u00f6gliche Rechtsverst\u00f6\u00dfe \u00fcberpr\u00fcft. Rechtswidrige Inhalte waren zum Zeitpunkt der Verlinkung nicht erkennbar.<\/p>\n<p>Eine permanente inhaltliche Kontrolle der verlinkten Seiten ist jedoch ohne konkrete Anhaltspunkte einer Rechtsverletzung nicht zumutbar. Bei Bekanntwerden von Rechtsverletzungen werden wir derartige Links umgehend entfernen.<\/p>\n<h3>Urheberrecht<\/h3>\n<p>Die durch die Seitenbetreiber erstellten Inhalte und Werke auf diesen Seiten unterliegen dem deutschen Urheberrecht. Die Vervielf\u00e4ltigung, Bearbeitung, Verbreitung und jede Art der Verwertung au\u00dferhalb der Grenzen des Urheberrechtes bed\u00fcrfen der schriftlichen Zustimmung des jeweiligen Autors bzw. Erstellers. Downloads und Kopien dieser Seite sind nur f\u00fcr den privaten, nicht kommerziellen Gebrauch gestattet.<\/p>\n<p>Soweit die Inhalte auf dieser Seite nicht vom Betreiber erstellt wurden, werden die Urheberrechte Dritter beachtet. Insbesondere werden Inhalte Dritter als solche gekennzeichnet. Sollten Sie trotzdem auf eine Urheberrechtsverletzung aufmerksam werden, bitten wir um einen entsprechenden Hinweis. Bei Bekanntwerden von Rechtsverletzungen werden wir derartige Inhalte umgehend entfernen.[\/vc_column_text][\/vc_column][\/vc_row]\n<\/div>","protected":false},"excerpt":{"rendered":"<p>[vc_row row_type=&#8220;row&#8220; use_row_as_full_screen_section=&#8220;no&#8220; type=&#8220;grid&#8220; angled_section=&#8220;no&#8220; text_align=&#8220;left&#8220; background_image_as_pattern=&#8220;without_pattern&#8220; css=&#8220;.vc_custom_1495023725176{padding-top: 80px !important;padding-bottom: 40px !important;}&#8220;][vc_column][\/vc_column][\/vc_row][vc_row row_type=&#8220;row&#8220; use_row_as_full_screen_section=&#8220;no&#8220; type=&#8220;grid&#8220; angled_section=&#8220;no&#8220; text_align=&#8220;left&#8220; background_image_as_pattern=&#8220;without_pattern&#8220; css=&#8220;.vc_custom_1495023218954{padding-bottom: 80px !important;}&#8220;][vc_column width=&#8220;1\/2&#8243;][vc_column_text] Kontakt Melanie G\u00f6rlitz EMGIE Photography Glasmoorstr. 33a 22851 Norderstedt Telefon: +49 (0)40 943 606 63 E-Mail: &#x6d;&#x61;&#x69;&#x6c;&#x40;&#x65;&#x6d;&#103;&#105;&#101;&#45;&#112;hoto&#x67;&#x72;&#x61;&#x70;&#x68;&#x79;&#x2e;&#x63;&#111;&#109; Umsatzsteuer-ID Umsatzsteuer-Identifikationsnummer gem\u00e4\u00df \u00a727 a Umsatzsteuergesetz: DE 311 928 998 Streitschlichtung Die Europ\u00e4ische Kommission stellt eine&hellip;<\/p>\n","protected":false},"author":1,"featured_media":0,"parent":0,"menu_order":500,"comment_status":"closed","ping_status":"closed","template":"","meta":{"footnotes":""},"class_list":["post-1060","page","type-page","status-publish","hentry","entry","no-media"],"yoast_head":"<!-- This site is optimized with the Yoast SEO plugin v27.3 - https:\/\/yoast.com\/product\/yoast-seo-wordpress\/ -->\n<title>Impressum - EMGIE 2021<\/title>\n<meta name=\"robots\" content=\"index, follow, max-snippet:-1, max-image-preview:large, max-video-preview:-1\" \/>\n<link rel=\"canonical\" href=\"https:\/\/emgie-photography.com\/de\/impressum\/\" \/>\n<meta property=\"og:locale\" content=\"de_DE\" \/>\n<meta property=\"og:type\" content=\"article\" \/>\n<meta property=\"og:title\" content=\"Impressum - EMGIE 2021\" \/>\n<meta property=\"og:description\" content=\"[vc_row row_type=&#8220;row&#8220; use_row_as_full_screen_section=&#8220;no&#8220; type=&#8220;grid&#8220; angled_section=&#8220;no&#8220; text_align=&#8220;left&#8220; background_image_as_pattern=&#8220;without_pattern&#8220; css=&#8220;.vc_custom_1495023725176{padding-top: 80px !important;padding-bottom: 40px !important;}&#8220;][vc_column][\/vc_column][\/vc_row][vc_row row_type=&#8220;row&#8220; use_row_as_full_screen_section=&#8220;no&#8220; type=&#8220;grid&#8220; angled_section=&#8220;no&#8220; text_align=&#8220;left&#8220; background_image_as_pattern=&#8220;without_pattern&#8220; css=&#8220;.vc_custom_1495023218954{padding-bottom: 80px !important;}&#8220;][vc_column width=&#8220;1\/2&#8243;][vc_column_text] Kontakt Melanie G\u00f6rlitz EMGIE Photography Glasmoorstr. 33a 22851 Norderstedt Telefon: +49 (0)40 943 606 63 E-Mail: &#109;&#x61;&#105;&#x6c;&#064;&#x65;&#109;&#x67;i&#x65;-&#x70;h&#x6f;t&#111;&#x67;&#114;&#x61;&#112;&#x68;&#121;&#x2e;&#099;&#x6f;m Umsatzsteuer-ID Umsatzsteuer-Identifikationsnummer gem\u00e4\u00df \u00a727 a Umsatzsteuergesetz: DE 311 928 998 Streitschlichtung Die Europ\u00e4ische Kommission stellt eine&hellip;\" \/>\n<meta property=\"og:url\" content=\"https:\/\/emgie-photography.com\/de\/impressum\/\" \/>\n<meta property=\"og:site_name\" content=\"EMGIE 2021\" \/>\n<meta property=\"article:modified_time\" content=\"2021-08-16T11:16:59+00:00\" \/>\n<meta property=\"og:image\" content=\"https:\/\/emgie-photography.com\/wp-content\/uploads\/2020\/12\/Logo_weiss_pxmedia.png\" \/>\n<meta name=\"twitter:card\" content=\"summary_large_image\" \/>\n<meta name=\"twitter:label1\" content=\"Gesch\u00e4tzte Lesezeit\" \/>\n\t<meta name=\"twitter:data1\" content=\"2\u00a0Minuten\" \/>\n<script type=\"application\/ld+json\" class=\"yoast-schema-graph\">{\"@context\":\"https:\\\/\\\/schema.org\",\"@graph\":[{\"@type\":\"WebPage\",\"@id\":\"https:\\\/\\\/emgie-photography.com\\\/de\\\/impressum\\\/\",\"url\":\"https:\\\/\\\/emgie-photography.com\\\/de\\\/impressum\\\/\",\"name\":\"Impressum - EMGIE 2021\",\"isPartOf\":{\"@id\":\"https:\\\/\\\/emgie-photography.com\\\/#website\"},\"primaryImageOfPage\":{\"@id\":\"https:\\\/\\\/emgie-photography.com\\\/de\\\/impressum\\\/#primaryimage\"},\"image\":{\"@id\":\"https:\\\/\\\/emgie-photography.com\\\/de\\\/impressum\\\/#primaryimage\"},\"thumbnailUrl\":\"https:\\\/\\\/emgie-photography.com\\\/wp-content\\\/uploads\\\/2020\\\/12\\\/Logo_weiss_pxmedia.png\",\"datePublished\":\"2017-05-27T08:51:05+00:00\",\"dateModified\":\"2021-08-16T11:16:59+00:00\",\"breadcrumb\":{\"@id\":\"https:\\\/\\\/emgie-photography.com\\\/de\\\/impressum\\\/#breadcrumb\"},\"inLanguage\":\"de\",\"potentialAction\":[{\"@type\":\"ReadAction\",\"target\":[\"https:\\\/\\\/emgie-photography.com\\\/de\\\/impressum\\\/\"]}]},{\"@type\":\"ImageObject\",\"inLanguage\":\"de\",\"@id\":\"https:\\\/\\\/emgie-photography.com\\\/de\\\/impressum\\\/#primaryimage\",\"url\":\"https:\\\/\\\/emgie-photography.com\\\/wp-content\\\/uploads\\\/2020\\\/12\\\/Logo_weiss_pxmedia.png\",\"contentUrl\":\"https:\\\/\\\/emgie-photography.com\\\/wp-content\\\/uploads\\\/2020\\\/12\\\/Logo_weiss_pxmedia.png\"},{\"@type\":\"BreadcrumbList\",\"@id\":\"https:\\\/\\\/emgie-photography.com\\\/de\\\/impressum\\\/#breadcrumb\",\"itemListElement\":[{\"@type\":\"ListItem\",\"position\":1,\"name\":\"Home\",\"item\":\"https:\\\/\\\/emgie-photography.com\\\/de\\\/\"},{\"@type\":\"ListItem\",\"position\":2,\"name\":\"Impressum\"}]},{\"@type\":\"WebSite\",\"@id\":\"https:\\\/\\\/emgie-photography.com\\\/#website\",\"url\":\"https:\\\/\\\/emgie-photography.com\\\/\",\"name\":\"EMGIE 2021\",\"description\":\"Melanie G\u00f6rlitz\",\"publisher\":{\"@id\":\"https:\\\/\\\/emgie-photography.com\\\/#organization\"},\"potentialAction\":[{\"@type\":\"SearchAction\",\"target\":{\"@type\":\"EntryPoint\",\"urlTemplate\":\"https:\\\/\\\/emgie-photography.com\\\/?s={search_term_string}\"},\"query-input\":{\"@type\":\"PropertyValueSpecification\",\"valueRequired\":true,\"valueName\":\"search_term_string\"}}],\"inLanguage\":\"de\"},{\"@type\":\"Organization\",\"@id\":\"https:\\\/\\\/emgie-photography.com\\\/#organization\",\"name\":\"EMGIE 2021\",\"url\":\"https:\\\/\\\/emgie-photography.com\\\/\",\"logo\":{\"@type\":\"ImageObject\",\"inLanguage\":\"de\",\"@id\":\"https:\\\/\\\/emgie-photography.com\\\/#\\\/schema\\\/logo\\\/image\\\/\",\"url\":\"https:\\\/\\\/emgie-photography.com\\\/wp-content\\\/uploads\\\/2017\\\/05\\\/emgie_logo_retina.png\",\"contentUrl\":\"https:\\\/\\\/emgie-photography.com\\\/wp-content\\\/uploads\\\/2017\\\/05\\\/emgie_logo_retina.png\",\"width\":763,\"height\":200,\"caption\":\"EMGIE 2021\"},\"image\":{\"@id\":\"https:\\\/\\\/emgie-photography.com\\\/#\\\/schema\\\/logo\\\/image\\\/\"}}]}<\/script>\n<!-- \/ Yoast SEO plugin. -->","yoast_head_json":{"title":"Impressum - EMGIE 2021","robots":{"index":"index","follow":"follow","max-snippet":"max-snippet:-1","max-image-preview":"max-image-preview:large","max-video-preview":"max-video-preview:-1"},"canonical":"https:\/\/emgie-photography.com\/de\/impressum\/","og_locale":"de_DE","og_type":"article","og_title":"Impressum - EMGIE 2021","og_description":"[vc_row row_type=&#8220;row&#8220; use_row_as_full_screen_section=&#8220;no&#8220; type=&#8220;grid&#8220; angled_section=&#8220;no&#8220; text_align=&#8220;left&#8220; background_image_as_pattern=&#8220;without_pattern&#8220; css=&#8220;.vc_custom_1495023725176{padding-top: 80px !important;padding-bottom: 40px !important;}&#8220;][vc_column][\/vc_column][\/vc_row][vc_row row_type=&#8220;row&#8220; use_row_as_full_screen_section=&#8220;no&#8220; type=&#8220;grid&#8220; angled_section=&#8220;no&#8220; text_align=&#8220;left&#8220; background_image_as_pattern=&#8220;without_pattern&#8220; css=&#8220;.vc_custom_1495023218954{padding-bottom: 80px !important;}&#8220;][vc_column width=&#8220;1\/2&#8243;][vc_column_text] Kontakt Melanie G\u00f6rlitz EMGIE Photography Glasmoorstr. 33a 22851 Norderstedt Telefon: +49 (0)40 943 606 63 E-Mail: &#109;&#x61;&#105;&#x6c;&#64;&#x65;&#109;&#x67;i&#x65;-&#x70;h&#x6f;t&#111;&#x67;&#114;&#x61;&#112;&#x68;&#121;&#x2e;&#99;&#x6f;m Umsatzsteuer-ID Umsatzsteuer-Identifikationsnummer gem\u00e4\u00df \u00a727 a Umsatzsteuergesetz: DE 311 928 998 Streitschlichtung Die Europ\u00e4ische Kommission stellt eine&hellip;","og_url":"https:\/\/emgie-photography.com\/de\/impressum\/","og_site_name":"EMGIE 2021","article_modified_time":"2021-08-16T11:16:59+00:00","og_image":[{"url":"https:\/\/emgie-photography.com\/wp-content\/uploads\/2020\/12\/Logo_weiss_pxmedia.png","type":"","width":"","height":""}],"twitter_card":"summary_large_image","twitter_misc":{"Gesch\u00e4tzte Lesezeit":"2\u00a0Minuten"},"schema":{"@context":"https:\/\/schema.org","@graph":[{"@type":"WebPage","@id":"https:\/\/emgie-photography.com\/de\/impressum\/","url":"https:\/\/emgie-photography.com\/de\/impressum\/","name":"Impressum - EMGIE 2021","isPartOf":{"@id":"https:\/\/emgie-photography.com\/#website"},"primaryImageOfPage":{"@id":"https:\/\/emgie-photography.com\/de\/impressum\/#primaryimage"},"image":{"@id":"https:\/\/emgie-photography.com\/de\/impressum\/#primaryimage"},"thumbnailUrl":"https:\/\/emgie-photography.com\/wp-content\/uploads\/2020\/12\/Logo_weiss_pxmedia.png","datePublished":"2017-05-27T08:51:05+00:00","dateModified":"2021-08-16T11:16:59+00:00","breadcrumb":{"@id":"https:\/\/emgie-photography.com\/de\/impressum\/#breadcrumb"},"inLanguage":"de","potentialAction":[{"@type":"ReadAction","target":["https:\/\/emgie-photography.com\/de\/impressum\/"]}]},{"@type":"ImageObject","inLanguage":"de","@id":"https:\/\/emgie-photography.com\/de\/impressum\/#primaryimage","url":"https:\/\/emgie-photography.com\/wp-content\/uploads\/2020\/12\/Logo_weiss_pxmedia.png","contentUrl":"https:\/\/emgie-photography.com\/wp-content\/uploads\/2020\/12\/Logo_weiss_pxmedia.png"},{"@type":"BreadcrumbList","@id":"https:\/\/emgie-photography.com\/de\/impressum\/#breadcrumb","itemListElement":[{"@type":"ListItem","position":1,"name":"Home","item":"https:\/\/emgie-photography.com\/de\/"},{"@type":"ListItem","position":2,"name":"Impressum"}]},{"@type":"WebSite","@id":"https:\/\/emgie-photography.com\/#website","url":"https:\/\/emgie-photography.com\/","name":"EMGIE 2021","description":"Melanie G\u00f6rlitz","publisher":{"@id":"https:\/\/emgie-photography.com\/#organization"},"potentialAction":[{"@type":"SearchAction","target":{"@type":"EntryPoint","urlTemplate":"https:\/\/emgie-photography.com\/?s={search_term_string}"},"query-input":{"@type":"PropertyValueSpecification","valueRequired":true,"valueName":"search_term_string"}}],"inLanguage":"de"},{"@type":"Organization","@id":"https:\/\/emgie-photography.com\/#organization","name":"EMGIE 2021","url":"https:\/\/emgie-photography.com\/","logo":{"@type":"ImageObject","inLanguage":"de","@id":"https:\/\/emgie-photography.com\/#\/schema\/logo\/image\/","url":"https:\/\/emgie-photography.com\/wp-content\/uploads\/2017\/05\/emgie_logo_retina.png","contentUrl":"https:\/\/emgie-photography.com\/wp-content\/uploads\/2017\/05\/emgie_logo_retina.png","width":763,"height":200,"caption":"EMGIE 2021"},"image":{"@id":"https:\/\/emgie-photography.com\/#\/schema\/logo\/image\/"}}]}},"_links":{"self":[{"href":"https:\/\/emgie-photography.com\/de\/wp-json\/wp\/v2\/pages\/1060","targetHints":{"allow":["GET"]}}],"collection":[{"href":"https:\/\/emgie-photography.com\/de\/wp-json\/wp\/v2\/pages"}],"about":[{"href":"https:\/\/emgie-photography.com\/de\/wp-json\/wp\/v2\/types\/page"}],"author":[{"embeddable":true,"href":"https:\/\/emgie-photography.com\/de\/wp-json\/wp\/v2\/users\/1"}],"replies":[{"embeddable":true,"href":"https:\/\/emgie-photography.com\/de\/wp-json\/wp\/v2\/comments?post=1060"}],"version-history":[{"count":15,"href":"https:\/\/emgie-photography.com\/de\/wp-json\/wp\/v2\/pages\/1060\/revisions"}],"predecessor-version":[{"id":1654,"href":"https:\/\/emgie-photography.com\/de\/wp-json\/wp\/v2\/pages\/1060\/revisions\/1654"}],"wp:attachment":[{"href":"https:\/\/emgie-photography.com\/de\/wp-json\/wp\/v2\/media?parent=1060"}],"curies":[{"name":"wp","href":"https:\/\/api.w.org\/{rel}","templated":true}]}}