{"id":1058,"date":"2017-05-27T10:50:39","date_gmt":"2017-05-27T08:50:39","guid":{"rendered":"https:\/\/emgie-photography.com\/?page_id=1058\/"},"modified":"2021-08-16T12:57:37","modified_gmt":"2021-08-16T10:57:37","slug":"kontakt","status":"publish","type":"page","link":"https:\/\/emgie-photography.com\/de\/kontakt\/","title":{"rendered":"Kontakt"},"content":{"rendered":"<div class=\"wpb-content-wrapper\">[vc_row row_type=&#8220;row&#8220; use_row_as_full_screen_section=&#8220;no&#8220; type=&#8220;grid&#8220; angled_section=&#8220;no&#8220; text_align=&#8220;left&#8220; background_image_as_pattern=&#8220;without_pattern&#8220; css=&#8220;.vc_custom_1495465742058{padding-top: 80px !important;padding-bottom: 80px !important;}&#8220;][vc_column offset=&#8220;vc_col-md-8 vc_col-xs-12&#8243;]<h1 class=\"vcex-heading vcex-heading-plain vcex-module wpex-heading wpex-text-2xl\"><span class=\"vcex-heading-inner wpex-inline-block\">Kontakt<\/span><\/h1><h2 class=\"vcex-heading vcex-heading-plain vcex-module wpex-heading wpex-text-2xl\"><span class=\"vcex-heading-inner wpex-inline-block\">Sie haben Fragen? Kontaktieren Sie mich!<\/span><\/h2>[vc_column_text css=&#8220;.vc_custom_1629111383672{margin-bottom: 2em !important;}&#8220;]Ich freue mich darauf, Ihre R\u00e4umlichkeiten zu fotografieren. Senden Sie mir dazu bitte eine kurze Nachricht. Ich melde mich dann umgehend bei Ihnen.[\/vc_column_text]\n<div class=\"wpcf7 no-js\" id=\"wpcf7-f327-o1\" lang=\"de-DE\" dir=\"ltr\" data-wpcf7-id=\"327\">\n<div class=\"screen-reader-response\"><p role=\"status\" aria-live=\"polite\" aria-atomic=\"true\"><\/p> <ul><\/ul><\/div>\n<form action=\"\/de\/wp-json\/wp\/v2\/pages\/1058#wpcf7-f327-o1\" method=\"post\" class=\"wpcf7-form init default\" aria-label=\"Kontaktformular\" novalidate=\"novalidate\" data-status=\"init\">\n<fieldset class=\"hidden-fields-container\"><input type=\"hidden\" name=\"_wpcf7\" value=\"327\" \/><input type=\"hidden\" name=\"_wpcf7_version\" value=\"6.1.5\" \/><input type=\"hidden\" name=\"_wpcf7_locale\" value=\"de_DE\" \/><input type=\"hidden\" name=\"_wpcf7_unit_tag\" value=\"wpcf7-f327-o1\" \/><input type=\"hidden\" name=\"_wpcf7_container_post\" value=\"0\" \/><input type=\"hidden\" name=\"_wpcf7_posted_data_hash\" value=\"\" \/>\n<\/fieldset>\n<p><label> Ihr Name*<br \/>\n<span class=\"wpcf7-form-control-wrap\" data-name=\"your-name\"><input size=\"40\" maxlength=\"400\" class=\"wpcf7-form-control wpcf7-text wpcf7-validates-as-required\" aria-required=\"true\" aria-invalid=\"false\" value=\"\" type=\"text\" name=\"your-name\" \/><\/span> <\/label>\n<\/p>\n<p><label> Ihre E-Mail-Adresse*<br \/>\n<span class=\"wpcf7-form-control-wrap\" data-name=\"your-email\"><input size=\"40\" maxlength=\"400\" class=\"wpcf7-form-control wpcf7-email wpcf7-validates-as-required wpcf7-text wpcf7-validates-as-email\" aria-required=\"true\" aria-invalid=\"false\" value=\"\" type=\"email\" name=\"your-email\" \/><\/span> <\/label>\n<\/p>\n<p><label> Ihre Telefonnummer<br \/>\n<span class=\"wpcf7-form-control-wrap\" data-name=\"phone\"><input size=\"40\" maxlength=\"400\" class=\"wpcf7-form-control wpcf7-tel wpcf7-text wpcf7-validates-as-tel\" aria-invalid=\"false\" value=\"\" type=\"tel\" name=\"phone\" \/><\/span> <\/label>\n<\/p>\n<p><label> Ihr Betreff<br \/>\n<span class=\"wpcf7-form-control-wrap\" data-name=\"your-subject\"><input size=\"40\" maxlength=\"400\" class=\"wpcf7-form-control wpcf7-text\" aria-invalid=\"false\" value=\"\" type=\"text\" name=\"your-subject\" \/><\/span> <\/label>\n<\/p>\n<p><label> Ihre Nachricht<br \/>\n<span class=\"wpcf7-form-control-wrap\" data-name=\"your-message\"><textarea cols=\"40\" rows=\"10\" maxlength=\"2000\" class=\"wpcf7-form-control wpcf7-textarea\" aria-invalid=\"false\" name=\"your-message\"><\/textarea><\/span> <\/label>\n<\/p>\n<p class=\"acceptance\"><br \/>\n<span class=\"wpcf7-form-control-wrap\" data-name=\"acceptance-594\"><span class=\"wpcf7-form-control wpcf7-acceptance\"><span class=\"wpcf7-list-item\"><label><input type=\"checkbox\" name=\"acceptance-594\" value=\"1\" aria-invalid=\"false\" \/><span class=\"wpcf7-list-item-label\">Ich stimme zu, dass meine Angaben aus dem Kontaktformular zur Beantwortung meiner Anfrage erhoben und verarbeitet werden. Die Daten werden nach abgeschlossener Bearbeitung Ihrer Anfrage gel\u00f6scht. Hinweis: Sie k\u00f6nnen Ihre Einwilligung jederzeit f\u00fcr die Zukunft per E-Mail an <a href=\"&#x6d;&#97;i&#x6c;&#x74;&#111;:&#x6d;&#x61;&#105;l&#x40;&#x65;&#109;g&#x69;&#x65;&#45;p&#x68;&#111;&#116;o&#x67;&#114;a&#x70;&#x68;&#121;&#46;&#x63;&#x6f;&#109;\">&#x6d;&#97;i&#x6c;&#64;e&#x6d;&#103;i&#x65;&#x2d;&#112;&#x68;&#x6f;&#116;o&#x67;&#114;a&#x70;&#104;y&#x2e;&#x63;&#111;&#x6d;<\/a> widerrufen.<br \/>Detaillierte Informationen zum Umgang mit Nutzerdaten finden Sie in unserer <a href=\"https:\/\/emgie-photography.com\/datenschutzerklaerung\/\" target=\"_blank\">Datenschutzerkl\u00e4rung<\/a>.<\/span><\/label><\/span><\/span><\/span>\n<\/p>\n<p><span class=\"wpcf7-form-control-wrap kc_captcha\" data-name=\"kc_captcha\"><span class=\"wpcf7-form-control wpcf7-radio\"><span class=\"captcha-image\" ><span class=\"cf7ic_instructions\">Bitte beweise, dass du kein Spambot bist und w\u00e4hle das Symbol<span> Tasse<\/span>.<\/span><label><input aria-label=\"1\" type=\"radio\" name=\"kc_captcha\" value=\"bot\" \/><svg aria-hidden=\"true\" role=\"img\" xmlns=\"http:\/\/www.w3.org\/2000\/svg\" viewBox=\"0 0 576 512\"><path fill=\"currentColor\" d=\"M415 24c-53 0-103 42-127 65-24-23-74-65-127-65C70 24 16 77 16 166c0 72 67 133 69 135l187 181c9 8 23 8 32 0l187-180c2-3 69-64 69-136 0-89-54-142-145-142z\"\/><\/svg><\/label><label><input aria-label=\"2\" type=\"radio\" name=\"kc_captcha\" value=\"bot\" \/><svg aria-hidden=\"true\" role=\"img\" xmlns=\"http:\/\/www.w3.org\/2000\/svg\" viewBox=\"0 0 512 512\"><path fill=\"currentColor\" d=\"M500 168h-55l-8-21a127 127 0 00-120-83H195a127 127 0 00-120 83l-8 21H12c-8 0-14 8-11 16l8 24a12 12 0 0011 8h29a64 64 0 00-33 56v48c0 16 6 31 16 42v62c0 13 11 24 24 24h48c13 0 24-11 24-24v-40h256v40c0 13 11 24 24 24h48c13 0 24-11 24-24v-62c10-11 16-26 16-42v-48c0-24-13-45-33-56h29a12 12 0 0011-8l8-24c3-8-3-16-11-16zm-365 2c9-25 33-42 60-42h122c27 0 51 17 60 42l15 38H120l15-38zM88 328a32 32 0 010-64c18 0 48 30 48 48s-30 16-48 16zm336 0c-18 0-48 2-48-16s30-48 48-48 32 14 32 32-14 32-32 32z\"\/><\/svg><\/label><label><input aria-label=\"3\" type=\"radio\" name=\"kc_captcha\" value=\"kc_human\" \/><svg aria-hidden=\"true\" role=\"img\" xmlns=\"http:\/\/www.w3.org\/2000\/svg\" viewBox=\"0 0 640 512\"><path fill=\"currentColor\" d=\"M192 384h192c53 0 96-43 96-96h32a128 128 0 000-256H120c-13 0-24 11-24 24v232c0 53 43 96 96 96zM512 96a64 64 0 010 128h-32V96h32zm48 384H48c-47 0-61-64-36-64h584c25 0 11 64-36 64z\"\/><\/svg><\/label>\r\n    <\/span>\r\n    <span style=\"display:none\">\r\n        <input type=\"text\" name=\"kc_honeypot\">\r\n    <\/span><\/span><\/span><br \/>\n<input class=\"wpcf7-form-control wpcf7-submit has-spinner\" type=\"submit\" value=\"Senden\" \/><br \/>\n*Pflichtfelder\n<\/p><div class=\"wpcf7-response-output\" aria-hidden=\"true\"><\/div>\n<\/form>\n<\/div>\n[\/vc_column][\/vc_row]\n<\/div>","protected":false},"excerpt":{"rendered":"<p>[vc_row row_type=&#8220;row&#8220; use_row_as_full_screen_section=&#8220;no&#8220; type=&#8220;grid&#8220; angled_section=&#8220;no&#8220; text_align=&#8220;left&#8220; background_image_as_pattern=&#8220;without_pattern&#8220; css=&#8220;.vc_custom_1495465742058{padding-top: 80px !important;padding-bottom: 80px !important;}&#8220;][vc_column offset=&#8220;vc_col-md-8 vc_col-xs-12&#8243;][vc_column_text css=&#8220;.vc_custom_1629111383672{margin-bottom: 2em !important;}&#8220;]Ich freue mich darauf, Ihre R\u00e4umlichkeiten zu fotografieren. Senden Sie mir dazu bitte eine kurze Nachricht. Ich melde mich dann umgehend bei Ihnen.[\/vc_column_text][\/vc_column][\/vc_row]<\/p>\n","protected":false},"author":1,"featured_media":0,"parent":0,"menu_order":400,"comment_status":"closed","ping_status":"closed","template":"","meta":{"footnotes":""},"class_list":["post-1058","page","type-page","status-publish","hentry","entry","no-media"],"yoast_head":"<!-- This site is optimized with the Yoast SEO plugin v27.4 - https:\/\/yoast.com\/product\/yoast-seo-wordpress\/ -->\n<title>Kontakt - EMGIE 2021<\/title>\n<meta name=\"robots\" content=\"index, follow, max-snippet:-1, max-image-preview:large, max-video-preview:-1\" \/>\n<link rel=\"canonical\" href=\"https:\/\/emgie-photography.com\/de\/kontakt\/\" \/>\n<meta property=\"og:locale\" content=\"de_DE\" \/>\n<meta property=\"og:type\" content=\"article\" \/>\n<meta property=\"og:title\" content=\"Kontakt - EMGIE 2021\" \/>\n<meta property=\"og:description\" content=\"[vc_row row_type=&#8220;row&#8220; use_row_as_full_screen_section=&#8220;no&#8220; type=&#8220;grid&#8220; angled_section=&#8220;no&#8220; text_align=&#8220;left&#8220; background_image_as_pattern=&#8220;without_pattern&#8220; css=&#8220;.vc_custom_1495465742058{padding-top: 80px !important;padding-bottom: 80px !important;}&#8220;][vc_column offset=&#8220;vc_col-md-8 vc_col-xs-12&#8243;][vc_column_text css=&#8220;.vc_custom_1629111383672{margin-bottom: 2em !important;}&#8220;]Ich freue mich darauf, Ihre R\u00e4umlichkeiten zu fotografieren. Senden Sie mir dazu bitte eine kurze Nachricht. Ich melde mich dann umgehend bei Ihnen.[\/vc_column_text][\/vc_column][\/vc_row]\" \/>\n<meta property=\"og:url\" content=\"https:\/\/emgie-photography.com\/de\/kontakt\/\" \/>\n<meta property=\"og:site_name\" content=\"EMGIE 2021\" \/>\n<meta property=\"article:modified_time\" content=\"2021-08-16T10:57:37+00:00\" \/>\n<meta name=\"twitter:card\" content=\"summary_large_image\" \/>\n<meta name=\"twitter:label1\" content=\"Gesch\u00e4tzte Lesezeit\" \/>\n\t<meta name=\"twitter:data1\" content=\"1\u00a0Minute\" \/>\n<script type=\"application\/ld+json\" class=\"yoast-schema-graph\">{\"@context\":\"https:\\\/\\\/schema.org\",\"@graph\":[{\"@type\":\"WebPage\",\"@id\":\"https:\\\/\\\/emgie-photography.com\\\/de\\\/kontakt\\\/\",\"url\":\"https:\\\/\\\/emgie-photography.com\\\/de\\\/kontakt\\\/\",\"name\":\"Kontakt - EMGIE 2021\",\"isPartOf\":{\"@id\":\"https:\\\/\\\/emgie-photography.com\\\/#website\"},\"datePublished\":\"2017-05-27T08:50:39+00:00\",\"dateModified\":\"2021-08-16T10:57:37+00:00\",\"breadcrumb\":{\"@id\":\"https:\\\/\\\/emgie-photography.com\\\/de\\\/kontakt\\\/#breadcrumb\"},\"inLanguage\":\"de\",\"potentialAction\":[{\"@type\":\"ReadAction\",\"target\":[\"https:\\\/\\\/emgie-photography.com\\\/de\\\/kontakt\\\/\"]}]},{\"@type\":\"BreadcrumbList\",\"@id\":\"https:\\\/\\\/emgie-photography.com\\\/de\\\/kontakt\\\/#breadcrumb\",\"itemListElement\":[{\"@type\":\"ListItem\",\"position\":1,\"name\":\"Home\",\"item\":\"https:\\\/\\\/emgie-photography.com\\\/de\\\/\"},{\"@type\":\"ListItem\",\"position\":2,\"name\":\"Kontakt\"}]},{\"@type\":\"WebSite\",\"@id\":\"https:\\\/\\\/emgie-photography.com\\\/#website\",\"url\":\"https:\\\/\\\/emgie-photography.com\\\/\",\"name\":\"EMGIE 2021\",\"description\":\"Melanie G\u00f6rlitz\",\"publisher\":{\"@id\":\"https:\\\/\\\/emgie-photography.com\\\/#organization\"},\"potentialAction\":[{\"@type\":\"SearchAction\",\"target\":{\"@type\":\"EntryPoint\",\"urlTemplate\":\"https:\\\/\\\/emgie-photography.com\\\/?s={search_term_string}\"},\"query-input\":{\"@type\":\"PropertyValueSpecification\",\"valueRequired\":true,\"valueName\":\"search_term_string\"}}],\"inLanguage\":\"de\"},{\"@type\":\"Organization\",\"@id\":\"https:\\\/\\\/emgie-photography.com\\\/#organization\",\"name\":\"EMGIE 2021\",\"url\":\"https:\\\/\\\/emgie-photography.com\\\/\",\"logo\":{\"@type\":\"ImageObject\",\"inLanguage\":\"de\",\"@id\":\"https:\\\/\\\/emgie-photography.com\\\/#\\\/schema\\\/logo\\\/image\\\/\",\"url\":\"https:\\\/\\\/emgie-photography.com\\\/wp-content\\\/uploads\\\/2017\\\/05\\\/emgie_logo_retina.png\",\"contentUrl\":\"https:\\\/\\\/emgie-photography.com\\\/wp-content\\\/uploads\\\/2017\\\/05\\\/emgie_logo_retina.png\",\"width\":763,\"height\":200,\"caption\":\"EMGIE 2021\"},\"image\":{\"@id\":\"https:\\\/\\\/emgie-photography.com\\\/#\\\/schema\\\/logo\\\/image\\\/\"}}]}<\/script>\n<!-- \/ Yoast SEO plugin. -->","yoast_head_json":{"title":"Kontakt - EMGIE 2021","robots":{"index":"index","follow":"follow","max-snippet":"max-snippet:-1","max-image-preview":"max-image-preview:large","max-video-preview":"max-video-preview:-1"},"canonical":"https:\/\/emgie-photography.com\/de\/kontakt\/","og_locale":"de_DE","og_type":"article","og_title":"Kontakt - EMGIE 2021","og_description":"[vc_row row_type=&#8220;row&#8220; use_row_as_full_screen_section=&#8220;no&#8220; type=&#8220;grid&#8220; angled_section=&#8220;no&#8220; text_align=&#8220;left&#8220; background_image_as_pattern=&#8220;without_pattern&#8220; css=&#8220;.vc_custom_1495465742058{padding-top: 80px !important;padding-bottom: 80px !important;}&#8220;][vc_column offset=&#8220;vc_col-md-8 vc_col-xs-12&#8243;][vc_column_text css=&#8220;.vc_custom_1629111383672{margin-bottom: 2em !important;}&#8220;]Ich freue mich darauf, Ihre R\u00e4umlichkeiten zu fotografieren. Senden Sie mir dazu bitte eine kurze Nachricht. Ich melde mich dann umgehend bei Ihnen.[\/vc_column_text][\/vc_column][\/vc_row]","og_url":"https:\/\/emgie-photography.com\/de\/kontakt\/","og_site_name":"EMGIE 2021","article_modified_time":"2021-08-16T10:57:37+00:00","twitter_card":"summary_large_image","twitter_misc":{"Gesch\u00e4tzte Lesezeit":"1\u00a0Minute"},"schema":{"@context":"https:\/\/schema.org","@graph":[{"@type":"WebPage","@id":"https:\/\/emgie-photography.com\/de\/kontakt\/","url":"https:\/\/emgie-photography.com\/de\/kontakt\/","name":"Kontakt - EMGIE 2021","isPartOf":{"@id":"https:\/\/emgie-photography.com\/#website"},"datePublished":"2017-05-27T08:50:39+00:00","dateModified":"2021-08-16T10:57:37+00:00","breadcrumb":{"@id":"https:\/\/emgie-photography.com\/de\/kontakt\/#breadcrumb"},"inLanguage":"de","potentialAction":[{"@type":"ReadAction","target":["https:\/\/emgie-photography.com\/de\/kontakt\/"]}]},{"@type":"BreadcrumbList","@id":"https:\/\/emgie-photography.com\/de\/kontakt\/#breadcrumb","itemListElement":[{"@type":"ListItem","position":1,"name":"Home","item":"https:\/\/emgie-photography.com\/de\/"},{"@type":"ListItem","position":2,"name":"Kontakt"}]},{"@type":"WebSite","@id":"https:\/\/emgie-photography.com\/#website","url":"https:\/\/emgie-photography.com\/","name":"EMGIE 2021","description":"Melanie G\u00f6rlitz","publisher":{"@id":"https:\/\/emgie-photography.com\/#organization"},"potentialAction":[{"@type":"SearchAction","target":{"@type":"EntryPoint","urlTemplate":"https:\/\/emgie-photography.com\/?s={search_term_string}"},"query-input":{"@type":"PropertyValueSpecification","valueRequired":true,"valueName":"search_term_string"}}],"inLanguage":"de"},{"@type":"Organization","@id":"https:\/\/emgie-photography.com\/#organization","name":"EMGIE 2021","url":"https:\/\/emgie-photography.com\/","logo":{"@type":"ImageObject","inLanguage":"de","@id":"https:\/\/emgie-photography.com\/#\/schema\/logo\/image\/","url":"https:\/\/emgie-photography.com\/wp-content\/uploads\/2017\/05\/emgie_logo_retina.png","contentUrl":"https:\/\/emgie-photography.com\/wp-content\/uploads\/2017\/05\/emgie_logo_retina.png","width":763,"height":200,"caption":"EMGIE 2021"},"image":{"@id":"https:\/\/emgie-photography.com\/#\/schema\/logo\/image\/"}}]}},"_links":{"self":[{"href":"https:\/\/emgie-photography.com\/de\/wp-json\/wp\/v2\/pages\/1058","targetHints":{"allow":["GET"]}}],"collection":[{"href":"https:\/\/emgie-photography.com\/de\/wp-json\/wp\/v2\/pages"}],"about":[{"href":"https:\/\/emgie-photography.com\/de\/wp-json\/wp\/v2\/types\/page"}],"author":[{"embeddable":true,"href":"https:\/\/emgie-photography.com\/de\/wp-json\/wp\/v2\/users\/1"}],"replies":[{"embeddable":true,"href":"https:\/\/emgie-photography.com\/de\/wp-json\/wp\/v2\/comments?post=1058"}],"version-history":[{"count":7,"href":"https:\/\/emgie-photography.com\/de\/wp-json\/wp\/v2\/pages\/1058\/revisions"}],"predecessor-version":[{"id":1648,"href":"https:\/\/emgie-photography.com\/de\/wp-json\/wp\/v2\/pages\/1058\/revisions\/1648"}],"wp:attachment":[{"href":"https:\/\/emgie-photography.com\/de\/wp-json\/wp\/v2\/media?parent=1058"}],"curies":[{"name":"wp","href":"https:\/\/api.w.org\/{rel}","templated":true}]}}