{"id":1044,"date":"2017-05-27T10:45:49","date_gmt":"2017-05-27T08:45:49","guid":{"rendered":"https:\/\/emgie-photography.com\/?page_id=1044\/"},"modified":"2021-08-18T14:52:38","modified_gmt":"2021-08-18T12:52:38","slug":"portfolio","status":"publish","type":"page","link":"https:\/\/emgie-photography.com\/de\/portfolio\/","title":{"rendered":"Portfolio"},"content":{"rendered":"<div class=\"wpb-content-wrapper\">[vc_row row_type=&#8220;row&#8220; use_row_as_full_screen_section=&#8220;no&#8220; type=&#8220;grid&#8220; angled_section=&#8220;no&#8220; text_align=&#8220;left&#8220; background_image_as_pattern=&#8220;without_pattern&#8220; css=&#8220;.vc_custom_1494511817636{padding-top: 80px !important;padding-bottom: 60px !important;}&#8220;][vc_column offset=&#8220;vc_col-md-9 vc_col-xs-12&#8243;]<h1 class=\"vcex-heading vcex-heading-plain vcex-module wpex-heading wpex-text-2xl\"><span class=\"vcex-heading-inner wpex-inline-block\">Portfolio<\/span><\/h1><h2 class=\"vcex-heading vcex-heading-plain vcex-module wpex-heading wpex-text-2xl\"><span class=\"vcex-heading-inner wpex-inline-block\">Authentische Bilder auf hohem Niveau<\/span><\/h2>[vc_column_text]Die Bilder eines Zimmers, der Eingangshalle und der Landschaft um das Haus herum sind der wichtigste Buchungsanreiz f\u00fcr Ihre G\u00e4ste. Ich fotografiere die sch\u00f6nsten Seiten Ihres Hauses, so dass die G\u00e4ste schon vor ihrer Anreise einen authentischen Eindruck von der Stimmung vor Ort bekommen. Ich m\u00f6chte die Sch\u00f6nheit und den Glanz eines Raumes festhalten und dabei mit einer Kombination aus Tageslicht und Kunstlicht spielen. Dar\u00fcber soll das hohe Niveau des Hotels transportiert und ein entsprechendes Klientel angesprochen werden.[\/vc_column_text][\/vc_column][\/vc_row][vc_row row_type=&#8220;row&#8220; use_row_as_full_screen_section=&#8220;no&#8220; type=&#8220;grid&#8220; angled_section=&#8220;no&#8220; text_align=&#8220;left&#8220; background_image_as_pattern=&#8220;without_pattern&#8220;][vc_column offset=&#8220;vc_col-lg-8 vc_col-md-9 vc_col-xs-12&#8243;]<h2 class=\"vcex-heading vcex-heading-plain vcex-module wpex-heading wpex-text-2xl\"><span class=\"vcex-heading-inner wpex-inline-block\">Mein Portfolio<\/span><\/h2>[\/vc_column][\/vc_row][vc_row equal_height=&#8220;yes&#8220; row_type=&#8220;row&#8220; use_row_as_full_screen_section=&#8220;no&#8220; type=&#8220;grid&#8220; angled_section=&#8220;no&#8220; text_align=&#8220;left&#8220; background_image_as_pattern=&#8220;without_pattern&#8220; css=&#8220;.vc_custom_1629285491145{padding-top: 40px !important;}&#8220; el_class=&#8220;TextBoxenRow&#8220;][vc_column width=&#8220;1\/3&#8243; css=&#8220;.vc_custom_1629286257267{margin-top: 10px !important;margin-right: 10px !important;margin-bottom: 10px !important;margin-left: 10px !important;padding-top: 30px !important;padding-right: 30px !important;padding-bottom: 30px !important;padding-left: 30px !important;background-color: #323232 !important;}&#8220;]<h3 class=\"vcex-heading vcex-heading-plain vcex-module wpex-heading wpex-text-2xl\"><span class=\"vcex-heading-inner wpex-inline-block\">Interieur<\/span><\/h3>[vc_column_text]Innenfotografie ist die Kunst, die Sch\u00f6nheit von Innenr\u00e4umen und H\u00e4usern zu erfassen und das Beste aus ihnen herauszuholen.[\/vc_column_text][vc_btn title=&#8220;Portfolio ansehen&#8220; style=&#8220;outline-custom&#8220; outline_custom_color=&#8220;#ffffff&#8220; outline_custom_hover_background=&#8220;#323232&#8243; outline_custom_hover_text=&#8220;#ffffff&#8220; shape=&#8220;square&#8220; align=&#8220;left&#8220; link=&#8220;url:https%3A%2F%2Femgie-photography.com%2Fde%2Fportfolio%2Finterieur%2F|title:Interieur&#8220; el_class=&#8220;portfolioBTN&#8220;][\/vc_column][vc_column width=&#8220;1\/3&#8243; css=&#8220;.vc_custom_1629285427583{margin-top: 10px !important;margin-right: 10px !important;margin-bottom: 10px !important;margin-left: 10px !important;padding-top: 30px !important;padding-right: 30px !important;padding-bottom: 30px !important;padding-left: 30px !important;background-color: #323232 !important;}&#8220;]<h3 class=\"vcex-heading vcex-heading-plain vcex-module wpex-heading wpex-text-2xl\"><span class=\"vcex-heading-inner wpex-inline-block\">Hotel<\/span><\/h3>[vc_column_text]In meinen Bildern konserviere ich die Stimmung eines gem\u00fctlichen Hotelzimmers und vermittle den G\u00e4sten schon vor der Anreise einen authentischen Einblick in das Haus.[\/vc_column_text][vc_btn title=&#8220;Portfolio ansehen&#8220; style=&#8220;outline-custom&#8220; outline_custom_color=&#8220;#ffffff&#8220; outline_custom_hover_background=&#8220;#323232&#8243; outline_custom_hover_text=&#8220;#ffffff&#8220; shape=&#8220;square&#8220; align=&#8220;left&#8220; link=&#8220;url:https%3A%2F%2Femgie-photography.com%2Fde%2Fportfolio%2Fhotel%2F|title:Hotel&#8220; el_class=&#8220;portfolioBTN&#8220;][\/vc_column][vc_column width=&#8220;1\/3&#8243; css=&#8220;.vc_custom_1629285437144{margin-top: 10px !important;margin-right: 10px !important;margin-bottom: 10px !important;margin-left: 10px !important;padding-top: 30px !important;padding-right: 30px !important;padding-bottom: 30px !important;padding-left: 30px !important;background-color: #323232 !important;}&#8220;]<h3 class=\"vcex-heading vcex-heading-plain vcex-module wpex-heading wpex-text-2xl\"><span class=\"vcex-heading-inner wpex-inline-block\">Real Estate<\/span><\/h3>[vc_column_text]Bei Immobilien ist kaum etwas wichtiger als der erste Eindruck. Real Estate Fotos erz\u00e4hlen die Geschichten der Immobilien.\u00a0\u00a0Sie zeigen nicht nur die Fassade, sondern auch das, was dahintersteht.[\/vc_column_text][vc_btn title=&#8220;Portfolio ansehen&#8220; style=&#8220;outline-custom&#8220; outline_custom_color=&#8220;#ffffff&#8220; outline_custom_hover_background=&#8220;#323232&#8243; outline_custom_hover_text=&#8220;#ffffff&#8220; shape=&#8220;square&#8220; align=&#8220;left&#8220; link=&#8220;url:https%3A%2F%2Femgie-photography.com%2Fde%2Fportfolio%2Frealestate%2F|title:Real%20Estate&#8220; el_class=&#8220;portfolioBTN&#8220;][\/vc_column][vc_column width=&#8220;1\/3&#8243; el_id=&#8220;home_teaser&#8220; css=&#8220;.vc_custom_1629286291400{margin-top: 10px !important;margin-right: 10px !important;margin-bottom: 10px !important;margin-left: 10px !important;padding-top: 30px !important;padding-right: 30px !important;padding-bottom: 30px !important;padding-left: 30px !important;background-color: #323232 !important;}&#8220;]<h3 class=\"vcex-heading vcex-heading-plain vcex-module wpex-heading wpex-text-2xl\"><span class=\"vcex-heading-inner wpex-inline-block\">Architektur<\/span><\/h3>[vc_column_text]Mit Hilfe von Licht und anderen Stilmitteln der Fotografie finde ich die beste Perspektive, um die Stimmung eines Geb\u00e4udes mit all seinen Feinheiten einzufangen und zu konservieren.[\/vc_column_text][vc_btn title=&#8220;Portfolio ansehen&#8220; style=&#8220;outline-custom&#8220; outline_custom_color=&#8220;#ffffff&#8220; outline_custom_hover_background=&#8220;#323232&#8243; outline_custom_hover_text=&#8220;#ffffff&#8220; shape=&#8220;square&#8220; align=&#8220;left&#8220; link=&#8220;url:https%3A%2F%2Femgie-photography.com%2Fde%2Fportfolio%2Farchitektur%2F|title:Architektur&#8220; el_class=&#8220;portfolioBTN&#8220;][\/vc_column][vc_column width=&#8220;1\/3&#8243; css=&#8220;.vc_custom_1629286311939{margin-top: 10px !important;margin-right: 10px !important;margin-bottom: 10px !important;margin-left: 10px !important;padding-top: 30px !important;padding-right: 30px !important;padding-bottom: 30px !important;padding-left: 30px !important;background-color: #323232 !important;}&#8220;]<h3 class=\"vcex-heading vcex-heading-plain vcex-module wpex-heading wpex-text-2xl\"><span class=\"vcex-heading-inner wpex-inline-block\">Landschaft<\/span><\/h3>[vc_column_text]Die Stimmung einer verlassenen Waldlichtung einfangen oder den Nebel \u00fcber der Wiese am Morgen: Ich habe einen Blick f\u00fcr die Sch\u00f6nheit der Natur und bewahre diese in meinen Landschaftsfotografien.[\/vc_column_text][vc_btn title=&#8220;Portfolio ansehen&#8220; style=&#8220;outline-custom&#8220; outline_custom_color=&#8220;#ffffff&#8220; outline_custom_hover_background=&#8220;#323232&#8243; outline_custom_hover_text=&#8220;#ffffff&#8220; shape=&#8220;square&#8220; align=&#8220;left&#8220; link=&#8220;url:https%3A%2F%2Femgie-photography.com%2Fde%2Fportfolio%2Flandschaft%2F|title:Landschaft&#8220; el_class=&#8220;portfolioBTN&#8220;][\/vc_column][vc_column width=&#8220;1\/3&#8243; css=&#8220;.vc_custom_1629288914268{margin-top: 10px !important;margin-right: 10px !important;margin-bottom: 10px !important;margin-left: 10px !important;padding-top: 30px !important;padding-right: 30px !important;padding-bottom: 30px !important;padding-left: 30px !important;background-color: #323232 !important;}&#8220;]<h3 class=\"vcex-heading vcex-heading-plain vcex-module wpex-heading wpex-text-2xl\"><span class=\"vcex-heading-inner wpex-inline-block\">Drohne<\/span><\/h3>[vc_column_text]\n<div class=\"wpb_text_column wpb_content_element \">\n<div class=\"wpb_wrapper\">\n<p>Wie oft hat man sich schon gew\u00fcnscht, einmal ein Vogel zu sein? Mit einer Drohne gelingt uns genau das: ganz neue Blickwinkel auf Ihre Immobilie und neue M\u00f6glichkeiten wie Sie sie pr\u00e4sentieren k\u00f6nnen.<\/p>\n<\/div>\n<\/div>\n[\/vc_column_text][vc_btn title=&#8220;Portfolio ansehen&#8220; style=&#8220;outline-custom&#8220; outline_custom_color=&#8220;#ffffff&#8220; outline_custom_hover_background=&#8220;#323232&#8243; outline_custom_hover_text=&#8220;#ffffff&#8220; shape=&#8220;square&#8220; align=&#8220;left&#8220; css=&#8220;.vc_custom_1629291155556{border-radius: 3px !important;}&#8220; link=&#8220;url:https%3A%2F%2Femgie-photography.com%2Fde%2Fportfolio%2Fdrohne%2F|title:Interieur&#8220; el_class=&#8220;portfolioBTN&#8220;][\/vc_column][\/vc_row]\n<\/div>","protected":false},"excerpt":{"rendered":"<p>[vc_row row_type=&#8220;row&#8220; use_row_as_full_screen_section=&#8220;no&#8220; type=&#8220;grid&#8220; angled_section=&#8220;no&#8220; text_align=&#8220;left&#8220; background_image_as_pattern=&#8220;without_pattern&#8220; css=&#8220;.vc_custom_1494511817636{padding-top: 80px !important;padding-bottom: 60px !important;}&#8220;][vc_column offset=&#8220;vc_col-md-9 vc_col-xs-12&#8243;][vc_column_text]Die Bilder eines Zimmers, der Eingangshalle und der Landschaft um das Haus herum sind der wichtigste Buchungsanreiz f\u00fcr Ihre G\u00e4ste. Ich fotografiere die sch\u00f6nsten Seiten Ihres Hauses, so dass die G\u00e4ste schon vor ihrer Anreise einen authentischen Eindruck von der Stimmung vor&hellip;<\/p>\n","protected":false},"author":1,"featured_media":0,"parent":0,"menu_order":300,"comment_status":"closed","ping_status":"closed","template":"","meta":{"footnotes":""},"class_list":["post-1044","page","type-page","status-publish","hentry","entry","no-media"],"yoast_head":"<!-- This site is optimized with the Yoast SEO plugin v27.4 - https:\/\/yoast.com\/product\/yoast-seo-wordpress\/ -->\n<title>Portfolio - EMGIE 2021<\/title>\n<meta name=\"robots\" content=\"index, follow, max-snippet:-1, max-image-preview:large, max-video-preview:-1\" \/>\n<link rel=\"canonical\" href=\"https:\/\/emgie-photography.com\/de\/portfolio\/\" \/>\n<meta property=\"og:locale\" content=\"de_DE\" \/>\n<meta property=\"og:type\" content=\"article\" \/>\n<meta property=\"og:title\" content=\"Portfolio - EMGIE 2021\" \/>\n<meta property=\"og:description\" content=\"[vc_row row_type=&#8220;row&#8220; use_row_as_full_screen_section=&#8220;no&#8220; type=&#8220;grid&#8220; angled_section=&#8220;no&#8220; text_align=&#8220;left&#8220; background_image_as_pattern=&#8220;without_pattern&#8220; css=&#8220;.vc_custom_1494511817636{padding-top: 80px !important;padding-bottom: 60px !important;}&#8220;][vc_column offset=&#8220;vc_col-md-9 vc_col-xs-12&#8243;][vc_column_text]Die Bilder eines Zimmers, der Eingangshalle und der Landschaft um das Haus herum sind der wichtigste Buchungsanreiz f\u00fcr Ihre G\u00e4ste. Ich fotografiere die sch\u00f6nsten Seiten Ihres Hauses, so dass die G\u00e4ste schon vor ihrer Anreise einen authentischen Eindruck von der Stimmung vor&hellip;\" \/>\n<meta property=\"og:url\" content=\"https:\/\/emgie-photography.com\/de\/portfolio\/\" \/>\n<meta property=\"og:site_name\" content=\"EMGIE 2021\" \/>\n<meta property=\"article:modified_time\" content=\"2021-08-18T12:52:38+00:00\" \/>\n<meta name=\"twitter:card\" content=\"summary_large_image\" \/>\n<meta name=\"twitter:label1\" content=\"Gesch\u00e4tzte Lesezeit\" \/>\n\t<meta name=\"twitter:data1\" content=\"3\u00a0Minuten\" \/>\n<script type=\"application\/ld+json\" class=\"yoast-schema-graph\">{\"@context\":\"https:\\\/\\\/schema.org\",\"@graph\":[{\"@type\":\"WebPage\",\"@id\":\"https:\\\/\\\/emgie-photography.com\\\/de\\\/portfolio\\\/\",\"url\":\"https:\\\/\\\/emgie-photography.com\\\/de\\\/portfolio\\\/\",\"name\":\"Portfolio - EMGIE 2021\",\"isPartOf\":{\"@id\":\"https:\\\/\\\/emgie-photography.com\\\/#website\"},\"datePublished\":\"2017-05-27T08:45:49+00:00\",\"dateModified\":\"2021-08-18T12:52:38+00:00\",\"breadcrumb\":{\"@id\":\"https:\\\/\\\/emgie-photography.com\\\/de\\\/portfolio\\\/#breadcrumb\"},\"inLanguage\":\"de\",\"potentialAction\":[{\"@type\":\"ReadAction\",\"target\":[\"https:\\\/\\\/emgie-photography.com\\\/de\\\/portfolio\\\/\"]}]},{\"@type\":\"BreadcrumbList\",\"@id\":\"https:\\\/\\\/emgie-photography.com\\\/de\\\/portfolio\\\/#breadcrumb\",\"itemListElement\":[{\"@type\":\"ListItem\",\"position\":1,\"name\":\"Home\",\"item\":\"https:\\\/\\\/emgie-photography.com\\\/de\\\/\"},{\"@type\":\"ListItem\",\"position\":2,\"name\":\"Portfolio\"}]},{\"@type\":\"WebSite\",\"@id\":\"https:\\\/\\\/emgie-photography.com\\\/#website\",\"url\":\"https:\\\/\\\/emgie-photography.com\\\/\",\"name\":\"EMGIE 2021\",\"description\":\"Melanie G\u00f6rlitz\",\"publisher\":{\"@id\":\"https:\\\/\\\/emgie-photography.com\\\/#organization\"},\"potentialAction\":[{\"@type\":\"SearchAction\",\"target\":{\"@type\":\"EntryPoint\",\"urlTemplate\":\"https:\\\/\\\/emgie-photography.com\\\/?s={search_term_string}\"},\"query-input\":{\"@type\":\"PropertyValueSpecification\",\"valueRequired\":true,\"valueName\":\"search_term_string\"}}],\"inLanguage\":\"de\"},{\"@type\":\"Organization\",\"@id\":\"https:\\\/\\\/emgie-photography.com\\\/#organization\",\"name\":\"EMGIE 2021\",\"url\":\"https:\\\/\\\/emgie-photography.com\\\/\",\"logo\":{\"@type\":\"ImageObject\",\"inLanguage\":\"de\",\"@id\":\"https:\\\/\\\/emgie-photography.com\\\/#\\\/schema\\\/logo\\\/image\\\/\",\"url\":\"https:\\\/\\\/emgie-photography.com\\\/wp-content\\\/uploads\\\/2017\\\/05\\\/emgie_logo_retina.png\",\"contentUrl\":\"https:\\\/\\\/emgie-photography.com\\\/wp-content\\\/uploads\\\/2017\\\/05\\\/emgie_logo_retina.png\",\"width\":763,\"height\":200,\"caption\":\"EMGIE 2021\"},\"image\":{\"@id\":\"https:\\\/\\\/emgie-photography.com\\\/#\\\/schema\\\/logo\\\/image\\\/\"}}]}<\/script>\n<!-- \/ Yoast SEO plugin. -->","yoast_head_json":{"title":"Portfolio - EMGIE 2021","robots":{"index":"index","follow":"follow","max-snippet":"max-snippet:-1","max-image-preview":"max-image-preview:large","max-video-preview":"max-video-preview:-1"},"canonical":"https:\/\/emgie-photography.com\/de\/portfolio\/","og_locale":"de_DE","og_type":"article","og_title":"Portfolio - EMGIE 2021","og_description":"[vc_row row_type=&#8220;row&#8220; use_row_as_full_screen_section=&#8220;no&#8220; type=&#8220;grid&#8220; angled_section=&#8220;no&#8220; text_align=&#8220;left&#8220; background_image_as_pattern=&#8220;without_pattern&#8220; css=&#8220;.vc_custom_1494511817636{padding-top: 80px !important;padding-bottom: 60px !important;}&#8220;][vc_column offset=&#8220;vc_col-md-9 vc_col-xs-12&#8243;][vc_column_text]Die Bilder eines Zimmers, der Eingangshalle und der Landschaft um das Haus herum sind der wichtigste Buchungsanreiz f\u00fcr Ihre G\u00e4ste. Ich fotografiere die sch\u00f6nsten Seiten Ihres Hauses, so dass die G\u00e4ste schon vor ihrer Anreise einen authentischen Eindruck von der Stimmung vor&hellip;","og_url":"https:\/\/emgie-photography.com\/de\/portfolio\/","og_site_name":"EMGIE 2021","article_modified_time":"2021-08-18T12:52:38+00:00","twitter_card":"summary_large_image","twitter_misc":{"Gesch\u00e4tzte Lesezeit":"3\u00a0Minuten"},"schema":{"@context":"https:\/\/schema.org","@graph":[{"@type":"WebPage","@id":"https:\/\/emgie-photography.com\/de\/portfolio\/","url":"https:\/\/emgie-photography.com\/de\/portfolio\/","name":"Portfolio - EMGIE 2021","isPartOf":{"@id":"https:\/\/emgie-photography.com\/#website"},"datePublished":"2017-05-27T08:45:49+00:00","dateModified":"2021-08-18T12:52:38+00:00","breadcrumb":{"@id":"https:\/\/emgie-photography.com\/de\/portfolio\/#breadcrumb"},"inLanguage":"de","potentialAction":[{"@type":"ReadAction","target":["https:\/\/emgie-photography.com\/de\/portfolio\/"]}]},{"@type":"BreadcrumbList","@id":"https:\/\/emgie-photography.com\/de\/portfolio\/#breadcrumb","itemListElement":[{"@type":"ListItem","position":1,"name":"Home","item":"https:\/\/emgie-photography.com\/de\/"},{"@type":"ListItem","position":2,"name":"Portfolio"}]},{"@type":"WebSite","@id":"https:\/\/emgie-photography.com\/#website","url":"https:\/\/emgie-photography.com\/","name":"EMGIE 2021","description":"Melanie G\u00f6rlitz","publisher":{"@id":"https:\/\/emgie-photography.com\/#organization"},"potentialAction":[{"@type":"SearchAction","target":{"@type":"EntryPoint","urlTemplate":"https:\/\/emgie-photography.com\/?s={search_term_string}"},"query-input":{"@type":"PropertyValueSpecification","valueRequired":true,"valueName":"search_term_string"}}],"inLanguage":"de"},{"@type":"Organization","@id":"https:\/\/emgie-photography.com\/#organization","name":"EMGIE 2021","url":"https:\/\/emgie-photography.com\/","logo":{"@type":"ImageObject","inLanguage":"de","@id":"https:\/\/emgie-photography.com\/#\/schema\/logo\/image\/","url":"https:\/\/emgie-photography.com\/wp-content\/uploads\/2017\/05\/emgie_logo_retina.png","contentUrl":"https:\/\/emgie-photography.com\/wp-content\/uploads\/2017\/05\/emgie_logo_retina.png","width":763,"height":200,"caption":"EMGIE 2021"},"image":{"@id":"https:\/\/emgie-photography.com\/#\/schema\/logo\/image\/"}}]}},"_links":{"self":[{"href":"https:\/\/emgie-photography.com\/de\/wp-json\/wp\/v2\/pages\/1044","targetHints":{"allow":["GET"]}}],"collection":[{"href":"https:\/\/emgie-photography.com\/de\/wp-json\/wp\/v2\/pages"}],"about":[{"href":"https:\/\/emgie-photography.com\/de\/wp-json\/wp\/v2\/types\/page"}],"author":[{"embeddable":true,"href":"https:\/\/emgie-photography.com\/de\/wp-json\/wp\/v2\/users\/1"}],"replies":[{"embeddable":true,"href":"https:\/\/emgie-photography.com\/de\/wp-json\/wp\/v2\/comments?post=1044"}],"version-history":[{"count":20,"href":"https:\/\/emgie-photography.com\/de\/wp-json\/wp\/v2\/pages\/1044\/revisions"}],"predecessor-version":[{"id":3724,"href":"https:\/\/emgie-photography.com\/de\/wp-json\/wp\/v2\/pages\/1044\/revisions\/3724"}],"wp:attachment":[{"href":"https:\/\/emgie-photography.com\/de\/wp-json\/wp\/v2\/media?parent=1044"}],"curies":[{"name":"wp","href":"https:\/\/api.w.org\/{rel}","templated":true}]}}