{"id":1042,"date":"2017-05-27T10:44:54","date_gmt":"2017-05-27T08:44:54","guid":{"rendered":"https:\/\/emgie-photography.com\/?page_id=1042\/"},"modified":"2021-08-18T14:50:52","modified_gmt":"2021-08-18T12:50:52","slug":"ueber-mich","status":"publish","type":"page","link":"https:\/\/emgie-photography.com\/de\/ueber-mich\/","title":{"rendered":"\u00dcber mich"},"content":{"rendered":"<div class=\"wpb-content-wrapper\">[vc_row row_type=&#8220;row&#8220; use_row_as_full_screen_section=&#8220;no&#8220; type=&#8220;grid&#8220; angled_section=&#8220;no&#8220; text_align=&#8220;left&#8220; background_image_as_pattern=&#8220;without_pattern&#8220; css=&#8220;.vc_custom_1494512862177{padding-top: 80px !important;padding-bottom: 60px !important;}&#8220;][vc_column offset=&#8220;vc_col-md-6 vc_col-xs-12&#8243;]<h1 class=\"vcex-heading vcex-heading-plain vcex-module wpex-heading wpex-text-2xl\"><span class=\"vcex-heading-inner wpex-inline-block\">\u00dcber mich<\/span><\/h1><h2 class=\"vcex-heading vcex-heading-plain vcex-module wpex-heading wpex-text-2xl\"><span class=\"vcex-heading-inner wpex-inline-block\">Melanie G\u00f6rlitz<\/span><\/h2>[vc_column_text]Fotos leben von der Leidenschaft der Person hinter der Kamera. Diese Leidenschaft folgt mir schon seit vielen Jahren. Seit 2016 arbeite ich als Hamburger Fotografin und habe mich anfangs auf Portrait Fotografie spezialisiert. Ich verliebte mich jedoch schnell in die Architektur, mit sch\u00f6nen Fassaden, futuristischen H\u00e4usern und den klaren Linien und Formen. Es ist eine gro\u00dfe Herausforderung, die Stimmung und Sch\u00f6nheit eines Geb\u00e4udes in einem einzigen Motiv festzuhalten. Aber dies ist die Herausforderung, die mein Herz schneller schlagen l\u00e4sst. Als Fotograf habe ich mich international auf Luxusimmobilien und Luxushotels spezialisiert.[\/vc_column_text][\/vc_column][vc_column offset=&#8220;vc_col-md-6 vc_col-xs-12&#8243; css=&#8220;.vc_custom_1495628434213{padding-top: 40px !important;padding-bottom: 40px !important;}&#8220;][vc_single_image image=&#8220;680&#8243; img_size=&#8220;1300&#215;1047&#8243; qode_css_animation=&#8220;&#8220;][\/vc_column][\/vc_row][vc_row row_type=&#8220;row&#8220; use_row_as_full_screen_section=&#8220;no&#8220; type=&#8220;grid&#8220; angled_section=&#8220;no&#8220; text_align=&#8220;left&#8220; background_image_as_pattern=&#8220;without_pattern&#8220;][vc_column offset=&#8220;vc_col-lg-8 vc_col-md-9 vc_col-xs-12&#8243;]<h2 class=\"vcex-heading vcex-heading-plain vcex-module wpex-heading wpex-text-2xl\"><span class=\"vcex-heading-inner wpex-inline-block\">Ich freue mich auf Ihre Auftr\u00e4ge in den folgenden Bereichen<\/span><\/h2>[\/vc_column][\/vc_row][vc_row equal_height=&#8220;yes&#8220; row_type=&#8220;row&#8220; use_row_as_full_screen_section=&#8220;no&#8220; type=&#8220;grid&#8220; angled_section=&#8220;no&#8220; text_align=&#8220;left&#8220; background_image_as_pattern=&#8220;without_pattern&#8220; css=&#8220;.vc_custom_1629285491145{padding-top: 40px !important;}&#8220; el_class=&#8220;TextBoxenRow&#8220;][vc_column width=&#8220;1\/3&#8243; css=&#8220;.vc_custom_1629286257267{margin-top: 10px !important;margin-right: 10px !important;margin-bottom: 10px !important;margin-left: 10px !important;padding-top: 30px !important;padding-right: 30px !important;padding-bottom: 30px !important;padding-left: 30px !important;background-color: #323232 !important;}&#8220;]<h3 class=\"vcex-heading vcex-heading-plain vcex-module wpex-heading wpex-text-2xl\"><span class=\"vcex-heading-inner wpex-inline-block\">Interieur<\/span><\/h3>[vc_column_text]Innenfotografie ist die Kunst, die Sch\u00f6nheit von Innenr\u00e4umen und H\u00e4usern zu erfassen und das Beste aus ihnen herauszuholen.[\/vc_column_text][vc_btn title=&#8220;Portfolio ansehen&#8220; style=&#8220;outline-custom&#8220; outline_custom_color=&#8220;#ffffff&#8220; outline_custom_hover_background=&#8220;#323232&#8243; outline_custom_hover_text=&#8220;#ffffff&#8220; shape=&#8220;square&#8220; align=&#8220;left&#8220; link=&#8220;url:https%3A%2F%2Femgie-photography.com%2Fde%2Fportfolio%2Finterieur%2F|title:Interieur&#8220; el_class=&#8220;portfolioBTN&#8220;][\/vc_column][vc_column width=&#8220;1\/3&#8243; css=&#8220;.vc_custom_1629285427583{margin-top: 10px !important;margin-right: 10px !important;margin-bottom: 10px !important;margin-left: 10px !important;padding-top: 30px !important;padding-right: 30px !important;padding-bottom: 30px !important;padding-left: 30px !important;background-color: #323232 !important;}&#8220;]<h3 class=\"vcex-heading vcex-heading-plain vcex-module wpex-heading wpex-text-2xl\"><span class=\"vcex-heading-inner wpex-inline-block\">Hotel<\/span><\/h3>[vc_column_text]In meinen Bildern konserviere ich die Stimmung eines gem\u00fctlichen Hotelzimmers und vermittle den G\u00e4sten schon vor der Anreise einen authentischen Einblick in das Haus.[\/vc_column_text][vc_btn title=&#8220;Portfolio ansehen&#8220; style=&#8220;outline-custom&#8220; outline_custom_color=&#8220;#ffffff&#8220; outline_custom_hover_background=&#8220;#323232&#8243; outline_custom_hover_text=&#8220;#ffffff&#8220; shape=&#8220;square&#8220; align=&#8220;left&#8220; link=&#8220;url:https%3A%2F%2Femgie-photography.com%2Fde%2Fportfolio%2Fhotel%2F|title:Hotel&#8220; el_class=&#8220;portfolioBTN&#8220;][\/vc_column][vc_column width=&#8220;1\/3&#8243; css=&#8220;.vc_custom_1629285437144{margin-top: 10px !important;margin-right: 10px !important;margin-bottom: 10px !important;margin-left: 10px !important;padding-top: 30px !important;padding-right: 30px !important;padding-bottom: 30px !important;padding-left: 30px !important;background-color: #323232 !important;}&#8220;]<h3 class=\"vcex-heading vcex-heading-plain vcex-module wpex-heading wpex-text-2xl\"><span class=\"vcex-heading-inner wpex-inline-block\">Real Estate<\/span><\/h3>[vc_column_text]Bei Immobilien ist kaum etwas wichtiger als der erste Eindruck. Real Estate Fotos erz\u00e4hlen die Geschichten der Immobilien.\u00a0\u00a0Sie zeigen nicht nur die Fassade, sondern auch das, was dahintersteht.[\/vc_column_text][vc_btn title=&#8220;Portfolio ansehen&#8220; style=&#8220;outline-custom&#8220; outline_custom_color=&#8220;#ffffff&#8220; outline_custom_hover_background=&#8220;#323232&#8243; outline_custom_hover_text=&#8220;#ffffff&#8220; shape=&#8220;square&#8220; align=&#8220;left&#8220; link=&#8220;url:https%3A%2F%2Femgie-photography.com%2Fde%2Fportfolio%2Frealestate%2F|title:Real%20Estate&#8220; el_class=&#8220;portfolioBTN&#8220;][\/vc_column][vc_column width=&#8220;1\/3&#8243; el_id=&#8220;home_teaser&#8220; css=&#8220;.vc_custom_1629286291400{margin-top: 10px !important;margin-right: 10px !important;margin-bottom: 10px !important;margin-left: 10px !important;padding-top: 30px !important;padding-right: 30px !important;padding-bottom: 30px !important;padding-left: 30px !important;background-color: #323232 !important;}&#8220;]<h3 class=\"vcex-heading vcex-heading-plain vcex-module wpex-heading wpex-text-2xl\"><span class=\"vcex-heading-inner wpex-inline-block\">Architektur<\/span><\/h3>[vc_column_text]Mit Hilfe von Licht und anderen Stilmitteln der Fotografie finde ich die beste Perspektive, um die Stimmung eines Geb\u00e4udes mit all seinen Feinheiten einzufangen und zu konservieren.[\/vc_column_text][vc_btn title=&#8220;Portfolio ansehen&#8220; style=&#8220;outline-custom&#8220; outline_custom_color=&#8220;#ffffff&#8220; outline_custom_hover_background=&#8220;#323232&#8243; outline_custom_hover_text=&#8220;#ffffff&#8220; shape=&#8220;square&#8220; align=&#8220;left&#8220; link=&#8220;url:https%3A%2F%2Femgie-photography.com%2Fde%2Fportfolio%2Farchitektur%2F|title:Architektur&#8220; el_class=&#8220;portfolioBTN&#8220;][\/vc_column][vc_column width=&#8220;1\/3&#8243; css=&#8220;.vc_custom_1629286311939{margin-top: 10px !important;margin-right: 10px !important;margin-bottom: 10px !important;margin-left: 10px !important;padding-top: 30px !important;padding-right: 30px !important;padding-bottom: 30px !important;padding-left: 30px !important;background-color: #323232 !important;}&#8220;]<h3 class=\"vcex-heading vcex-heading-plain vcex-module wpex-heading wpex-text-2xl\"><span class=\"vcex-heading-inner wpex-inline-block\">Landschaft<\/span><\/h3>[vc_column_text]Die Stimmung einer verlassenen Waldlichtung einfangen oder den Nebel \u00fcber der Wiese am Morgen: Ich habe einen Blick f\u00fcr die Sch\u00f6nheit der Natur und bewahre diese in meinen Landschaftsfotografien.[\/vc_column_text][vc_btn title=&#8220;Portfolio ansehen&#8220; style=&#8220;outline-custom&#8220; outline_custom_color=&#8220;#ffffff&#8220; outline_custom_hover_background=&#8220;#323232&#8243; outline_custom_hover_text=&#8220;#ffffff&#8220; shape=&#8220;square&#8220; align=&#8220;left&#8220; link=&#8220;url:https%3A%2F%2Femgie-photography.com%2Fde%2Fportfolio%2Flandschaft%2F|title:Landschaft&#8220; el_class=&#8220;portfolioBTN&#8220;][\/vc_column][\/vc_row][vc_row row_type=&#8220;row&#8220; use_row_as_full_screen_section=&#8220;no&#8220; type=&#8220;grid&#8220; angled_section=&#8220;no&#8220; text_align=&#8220;center&#8220; background_image_as_pattern=&#8220;without_pattern&#8220; css=&#8220;.vc_custom_1495628513550{padding-bottom: 100px !important;}&#8220;][vc_column css=&#8220;.vc_custom_1495628011827{padding-top: 30px !important;padding-bottom: 30px !important;}&#8220; offset=&#8220;vc_col-md-12 vc_col-xs-12&#8243;]<style>.vcex-social-links.vcex_69d8c1ec93893{font-size:4rem;}.vcex-social-links.vcex_69d8c1ec93893 .vcex-social-links__item{height:10rem;color:#ffffff;background:#323232;}.vcex-social-links.vcex_69d8c1ec93893 .vcex-social-links__item:hover{color:#ffffff;background:#c79400;}<\/style><div class=\"vcex-social-links vcex-module wpex-flex wpex-flex-wrap wpex-social-btns vcex-social-btns wpex-items-center wpex-justify-center wpex-gap-30  wpb_animate_when_almost_visible wpb_fadeIn fadeIn wpex-last-mr-0 vcex_69d8c1ec93893\"><a href=\"https:\/\/www.instagram.com\/emgie_photography\" class=\"vcex-social-links__item wpex-social-btn wpex-social-btn-flat wpex-social-color-hover wpex-rounded-full wpex-inline-flex wpex-flex-column wpex-items-center wpex-justify-center wpex-leading-none wpex-has-custom-color wpex-instagram\" style=\"width:10rem;\"><span class=\"vcex-social-links__icon wpex-icon\" aria-hidden=\"true\"><svg xmlns=\"http:\/\/www.w3.org\/2000\/svg\" viewBox=\"0 0 448 512\"><path d=\"M224.1 141c-63.6 0-114.9 51.3-114.9 114.9s51.3 114.9 114.9 114.9S339 319.5 339 255.9 287.7 141 224.1 141zm0 189.6c-41.1 0-74.7-33.5-74.7-74.7s33.5-74.7 74.7-74.7 74.7 33.5 74.7 74.7-33.6 74.7-74.7 74.7zm146.4-194.3c0 14.9-12 26.8-26.8 26.8-14.9 0-26.8-12-26.8-26.8s12-26.8 26.8-26.8 26.8 12 26.8 26.8zm76.1 27.2c-1.7-35.9-9.9-67.7-36.2-93.9-26.2-26.2-58-34.4-93.9-36.2-37-2.1-147.9-2.1-184.9 0-35.8 1.7-67.6 9.9-93.9 36.1s-34.4 58-36.2 93.9c-2.1 37-2.1 147.9 0 184.9 1.7 35.9 9.9 67.7 36.2 93.9s58 34.4 93.9 36.2c37 2.1 147.9 2.1 184.9 0 35.9-1.7 67.7-9.9 93.9-36.2 26.2-26.2 34.4-58 36.2-93.9 2.1-37 2.1-147.8 0-184.8zM398.8 388c-7.8 19.6-22.9 34.7-42.6 42.6-29.5 11.7-99.5 9-132.1 9s-102.7 2.6-132.1-9c-19.6-7.8-34.7-22.9-42.6-42.6-11.7-29.5-9-99.5-9-132.1s-2.6-102.7 9-132.1c7.8-19.6 22.9-34.7 42.6-42.6 29.5-11.7 99.5-9 132.1-9s102.7-2.6 132.1 9c19.6 7.8 34.7 22.9 42.6 42.6 11.7 29.5 9 99.5 9 132.1s2.7 102.7-9 132.1z\"\/><\/svg><\/span><span class=\"screen-reader-text\">Instagram<\/span><\/a><a href=\"https:\/\/www.facebook.com\/emgiephotography\" class=\"vcex-social-links__item wpex-social-btn wpex-social-btn-flat wpex-social-color-hover wpex-rounded-full wpex-inline-flex wpex-flex-column wpex-items-center wpex-justify-center wpex-leading-none wpex-has-custom-color wpex-facebook\" style=\"width:10rem;\"><span class=\"vcex-social-links__icon wpex-icon\" aria-hidden=\"true\"><svg xmlns=\"http:\/\/www.w3.org\/2000\/svg\" viewBox=\"0 0 512 512\"><path d=\"M512 256C512 114.6 397.4 0 256 0S0 114.6 0 256C0 376 82.7 476.8 194.2 504.5V334.2H141.4V256h52.8V222.3c0-87.1 39.4-127.5 125-127.5c16.2 0 44.2 3.2 55.7 6.4V172c-6-.6-16.5-1-29.6-1c-42 0-58.2 15.9-58.2 57.2V256h83.6l-14.4 78.2H287V510.1C413.8 494.8 512 386.9 512 256h0z\"\/><\/svg><\/span><span class=\"screen-reader-text\">Facebook<\/span><\/a><a href=\"mailto:ma&#105;l&#064;&#101;&#109;&#103;&#105;e-&#112;&#104;&#111;&#116;&#111;&#103;&#114;&#097;&#112;h&#121;.c&#111;m\" class=\"vcex-social-links__item wpex-social-btn wpex-social-btn-flat wpex-social-color-hover wpex-rounded-full wpex-inline-flex wpex-flex-column wpex-items-center wpex-justify-center wpex-leading-none wpex-has-custom-color wpex-email\" style=\"width:10rem;\"><span class=\"vcex-social-links__icon wpex-icon\" aria-hidden=\"true\"><svg xmlns=\"http:\/\/www.w3.org\/2000\/svg\" viewBox=\"0 0 512 512\"><path d=\"M48 64C21.5 64 0 85.5 0 112c0 15.1 7.1 29.3 19.2 38.4L236.8 313.6c11.4 8.5 27 8.5 38.4 0L492.8 150.4c12.1-9.1 19.2-23.3 19.2-38.4c0-26.5-21.5-48-48-48H48zM0 176V384c0 35.3 28.7 64 64 64H448c35.3 0 64-28.7 64-64V176L294.4 339.2c-22.8 17.1-54 17.1-76.8 0L0 176z\"\/><\/svg><\/span><span class=\"screen-reader-text\">E-Mail<\/span><\/a><\/div>[\/vc_column][vc_column offset=&#8220;vc_hidden-sm vc_col-xs-12 vc_hidden-xs&#8220;][\/vc_column][\/vc_row]\n<\/div>","protected":false},"excerpt":{"rendered":"<p>[vc_row row_type=&#8220;row&#8220; use_row_as_full_screen_section=&#8220;no&#8220; type=&#8220;grid&#8220; angled_section=&#8220;no&#8220; text_align=&#8220;left&#8220; background_image_as_pattern=&#8220;without_pattern&#8220; css=&#8220;.vc_custom_1494512862177{padding-top: 80px !important;padding-bottom: 60px !important;}&#8220;][vc_column offset=&#8220;vc_col-md-6 vc_col-xs-12&#8243;][vc_column_text]Fotos leben von der Leidenschaft der Person hinter der Kamera. Diese Leidenschaft folgt mir schon seit vielen Jahren. Seit 2016 arbeite ich als Hamburger Fotografin und habe mich anfangs auf Portrait Fotografie spezialisiert. Ich verliebte mich jedoch schnell in die Architektur, mit&hellip;<\/p>\n","protected":false},"author":1,"featured_media":0,"parent":0,"menu_order":200,"comment_status":"closed","ping_status":"closed","template":"","meta":{"footnotes":""},"class_list":["post-1042","page","type-page","status-publish","hentry","entry","no-media"],"yoast_head":"<!-- This site is optimized with the Yoast SEO plugin v27.3 - https:\/\/yoast.com\/product\/yoast-seo-wordpress\/ -->\n<title>\u00dcber mich - EMGIE 2021<\/title>\n<meta name=\"robots\" content=\"index, follow, max-snippet:-1, max-image-preview:large, max-video-preview:-1\" \/>\n<link rel=\"canonical\" href=\"https:\/\/emgie-photography.com\/de\/ueber-mich\/\" \/>\n<meta property=\"og:locale\" content=\"de_DE\" \/>\n<meta property=\"og:type\" content=\"article\" \/>\n<meta property=\"og:title\" content=\"\u00dcber mich - EMGIE 2021\" \/>\n<meta property=\"og:description\" content=\"[vc_row row_type=&#8220;row&#8220; use_row_as_full_screen_section=&#8220;no&#8220; type=&#8220;grid&#8220; angled_section=&#8220;no&#8220; text_align=&#8220;left&#8220; background_image_as_pattern=&#8220;without_pattern&#8220; css=&#8220;.vc_custom_1494512862177{padding-top: 80px !important;padding-bottom: 60px !important;}&#8220;][vc_column offset=&#8220;vc_col-md-6 vc_col-xs-12&#8243;][vc_column_text]Fotos leben von der Leidenschaft der Person hinter der Kamera. Diese Leidenschaft folgt mir schon seit vielen Jahren. Seit 2016 arbeite ich als Hamburger Fotografin und habe mich anfangs auf Portrait Fotografie spezialisiert. Ich verliebte mich jedoch schnell in die Architektur, mit&hellip;\" \/>\n<meta property=\"og:url\" content=\"https:\/\/emgie-photography.com\/de\/ueber-mich\/\" \/>\n<meta property=\"og:site_name\" content=\"EMGIE 2021\" \/>\n<meta property=\"article:modified_time\" content=\"2021-08-18T12:50:52+00:00\" \/>\n<meta name=\"twitter:card\" content=\"summary_large_image\" \/>\n<meta name=\"twitter:label1\" content=\"Gesch\u00e4tzte Lesezeit\" \/>\n\t<meta name=\"twitter:data1\" content=\"3\u00a0Minuten\" \/>\n<script type=\"application\/ld+json\" class=\"yoast-schema-graph\">{\"@context\":\"https:\\\/\\\/schema.org\",\"@graph\":[{\"@type\":\"WebPage\",\"@id\":\"https:\\\/\\\/emgie-photography.com\\\/de\\\/ueber-mich\\\/\",\"url\":\"https:\\\/\\\/emgie-photography.com\\\/de\\\/ueber-mich\\\/\",\"name\":\"\u00dcber mich - EMGIE 2021\",\"isPartOf\":{\"@id\":\"https:\\\/\\\/emgie-photography.com\\\/#website\"},\"datePublished\":\"2017-05-27T08:44:54+00:00\",\"dateModified\":\"2021-08-18T12:50:52+00:00\",\"breadcrumb\":{\"@id\":\"https:\\\/\\\/emgie-photography.com\\\/de\\\/ueber-mich\\\/#breadcrumb\"},\"inLanguage\":\"de\",\"potentialAction\":[{\"@type\":\"ReadAction\",\"target\":[\"https:\\\/\\\/emgie-photography.com\\\/de\\\/ueber-mich\\\/\"]}]},{\"@type\":\"BreadcrumbList\",\"@id\":\"https:\\\/\\\/emgie-photography.com\\\/de\\\/ueber-mich\\\/#breadcrumb\",\"itemListElement\":[{\"@type\":\"ListItem\",\"position\":1,\"name\":\"Home\",\"item\":\"https:\\\/\\\/emgie-photography.com\\\/de\\\/\"},{\"@type\":\"ListItem\",\"position\":2,\"name\":\"\u00dcber mich\"}]},{\"@type\":\"WebSite\",\"@id\":\"https:\\\/\\\/emgie-photography.com\\\/#website\",\"url\":\"https:\\\/\\\/emgie-photography.com\\\/\",\"name\":\"EMGIE 2021\",\"description\":\"Melanie G\u00f6rlitz\",\"publisher\":{\"@id\":\"https:\\\/\\\/emgie-photography.com\\\/#organization\"},\"potentialAction\":[{\"@type\":\"SearchAction\",\"target\":{\"@type\":\"EntryPoint\",\"urlTemplate\":\"https:\\\/\\\/emgie-photography.com\\\/?s={search_term_string}\"},\"query-input\":{\"@type\":\"PropertyValueSpecification\",\"valueRequired\":true,\"valueName\":\"search_term_string\"}}],\"inLanguage\":\"de\"},{\"@type\":\"Organization\",\"@id\":\"https:\\\/\\\/emgie-photography.com\\\/#organization\",\"name\":\"EMGIE 2021\",\"url\":\"https:\\\/\\\/emgie-photography.com\\\/\",\"logo\":{\"@type\":\"ImageObject\",\"inLanguage\":\"de\",\"@id\":\"https:\\\/\\\/emgie-photography.com\\\/#\\\/schema\\\/logo\\\/image\\\/\",\"url\":\"https:\\\/\\\/emgie-photography.com\\\/wp-content\\\/uploads\\\/2017\\\/05\\\/emgie_logo_retina.png\",\"contentUrl\":\"https:\\\/\\\/emgie-photography.com\\\/wp-content\\\/uploads\\\/2017\\\/05\\\/emgie_logo_retina.png\",\"width\":763,\"height\":200,\"caption\":\"EMGIE 2021\"},\"image\":{\"@id\":\"https:\\\/\\\/emgie-photography.com\\\/#\\\/schema\\\/logo\\\/image\\\/\"}}]}<\/script>\n<!-- \/ Yoast SEO plugin. -->","yoast_head_json":{"title":"\u00dcber mich - EMGIE 2021","robots":{"index":"index","follow":"follow","max-snippet":"max-snippet:-1","max-image-preview":"max-image-preview:large","max-video-preview":"max-video-preview:-1"},"canonical":"https:\/\/emgie-photography.com\/de\/ueber-mich\/","og_locale":"de_DE","og_type":"article","og_title":"\u00dcber mich - EMGIE 2021","og_description":"[vc_row row_type=&#8220;row&#8220; use_row_as_full_screen_section=&#8220;no&#8220; type=&#8220;grid&#8220; angled_section=&#8220;no&#8220; text_align=&#8220;left&#8220; background_image_as_pattern=&#8220;without_pattern&#8220; css=&#8220;.vc_custom_1494512862177{padding-top: 80px !important;padding-bottom: 60px !important;}&#8220;][vc_column offset=&#8220;vc_col-md-6 vc_col-xs-12&#8243;][vc_column_text]Fotos leben von der Leidenschaft der Person hinter der Kamera. Diese Leidenschaft folgt mir schon seit vielen Jahren. Seit 2016 arbeite ich als Hamburger Fotografin und habe mich anfangs auf Portrait Fotografie spezialisiert. Ich verliebte mich jedoch schnell in die Architektur, mit&hellip;","og_url":"https:\/\/emgie-photography.com\/de\/ueber-mich\/","og_site_name":"EMGIE 2021","article_modified_time":"2021-08-18T12:50:52+00:00","twitter_card":"summary_large_image","twitter_misc":{"Gesch\u00e4tzte Lesezeit":"3\u00a0Minuten"},"schema":{"@context":"https:\/\/schema.org","@graph":[{"@type":"WebPage","@id":"https:\/\/emgie-photography.com\/de\/ueber-mich\/","url":"https:\/\/emgie-photography.com\/de\/ueber-mich\/","name":"\u00dcber mich - EMGIE 2021","isPartOf":{"@id":"https:\/\/emgie-photography.com\/#website"},"datePublished":"2017-05-27T08:44:54+00:00","dateModified":"2021-08-18T12:50:52+00:00","breadcrumb":{"@id":"https:\/\/emgie-photography.com\/de\/ueber-mich\/#breadcrumb"},"inLanguage":"de","potentialAction":[{"@type":"ReadAction","target":["https:\/\/emgie-photography.com\/de\/ueber-mich\/"]}]},{"@type":"BreadcrumbList","@id":"https:\/\/emgie-photography.com\/de\/ueber-mich\/#breadcrumb","itemListElement":[{"@type":"ListItem","position":1,"name":"Home","item":"https:\/\/emgie-photography.com\/de\/"},{"@type":"ListItem","position":2,"name":"\u00dcber mich"}]},{"@type":"WebSite","@id":"https:\/\/emgie-photography.com\/#website","url":"https:\/\/emgie-photography.com\/","name":"EMGIE 2021","description":"Melanie G\u00f6rlitz","publisher":{"@id":"https:\/\/emgie-photography.com\/#organization"},"potentialAction":[{"@type":"SearchAction","target":{"@type":"EntryPoint","urlTemplate":"https:\/\/emgie-photography.com\/?s={search_term_string}"},"query-input":{"@type":"PropertyValueSpecification","valueRequired":true,"valueName":"search_term_string"}}],"inLanguage":"de"},{"@type":"Organization","@id":"https:\/\/emgie-photography.com\/#organization","name":"EMGIE 2021","url":"https:\/\/emgie-photography.com\/","logo":{"@type":"ImageObject","inLanguage":"de","@id":"https:\/\/emgie-photography.com\/#\/schema\/logo\/image\/","url":"https:\/\/emgie-photography.com\/wp-content\/uploads\/2017\/05\/emgie_logo_retina.png","contentUrl":"https:\/\/emgie-photography.com\/wp-content\/uploads\/2017\/05\/emgie_logo_retina.png","width":763,"height":200,"caption":"EMGIE 2021"},"image":{"@id":"https:\/\/emgie-photography.com\/#\/schema\/logo\/image\/"}}]}},"_links":{"self":[{"href":"https:\/\/emgie-photography.com\/de\/wp-json\/wp\/v2\/pages\/1042","targetHints":{"allow":["GET"]}}],"collection":[{"href":"https:\/\/emgie-photography.com\/de\/wp-json\/wp\/v2\/pages"}],"about":[{"href":"https:\/\/emgie-photography.com\/de\/wp-json\/wp\/v2\/types\/page"}],"author":[{"embeddable":true,"href":"https:\/\/emgie-photography.com\/de\/wp-json\/wp\/v2\/users\/1"}],"replies":[{"embeddable":true,"href":"https:\/\/emgie-photography.com\/de\/wp-json\/wp\/v2\/comments?post=1042"}],"version-history":[{"count":22,"href":"https:\/\/emgie-photography.com\/de\/wp-json\/wp\/v2\/pages\/1042\/revisions"}],"predecessor-version":[{"id":3722,"href":"https:\/\/emgie-photography.com\/de\/wp-json\/wp\/v2\/pages\/1042\/revisions\/3722"}],"wp:attachment":[{"href":"https:\/\/emgie-photography.com\/de\/wp-json\/wp\/v2\/media?parent=1042"}],"curies":[{"name":"wp","href":"https:\/\/api.w.org\/{rel}","templated":true}]}}